{"id":4507,"date":"2020-08-08T18:42:16","date_gmt":"2020-08-08T21:42:16","guid":{"rendered":"https:\/\/rabassaseguros.com.br\/?page_id=4507"},"modified":"2023-04-26T09:39:11","modified_gmt":"2023-04-26T12:39:11","slug":"sobre","status":"publish","type":"page","link":"https:\/\/rabassaseguros.com.br\/?page_id=4507","title":{"rendered":"SOBRE"},"content":{"rendered":"\t\t<div data-elementor-type=\"wp-page\" data-elementor-id=\"4507\" class=\"elementor elementor-4507\" data-elementor-settings=\"[]\">\n\t\t\t\t\t\t<div class=\"elementor-inner\">\n\t\t\t\t\t\t\t<div class=\"elementor-section-wrap\">\n\t\t\t\t\t\t\t<section class=\"elementor-element elementor-element-5cc34e8 elementor-section-boxed elementor-section-height-default elementor-section-height-default elementor-section elementor-top-section\" data-id=\"5cc34e8\" data-element_type=\"section\">\n\t\t\t\t\t\t<div class=\"elementor-container elementor-column-gap-default\">\n\t\t\t\t\t\t\t<div class=\"elementor-row\">\n\t\t\t\t\t<div class=\"elementor-element elementor-element-115f16e elementor-column elementor-col-100 elementor-top-column\" data-id=\"115f16e\" data-element_type=\"column\">\n\t\t\t<div class=\"elementor-column-wrap elementor-element-populated\">\n\t\t\t\t\t\t\t<div class=\"elementor-widget-wrap\">\n\t\t\t\t\t\t<div class=\"elementor-element elementor-element-e0ce1f9 elementor-widget elementor-widget-elementskit-heading\" data-id=\"e0ce1f9\" data-element_type=\"widget\" data-widget_type=\"elementskit-heading.default\">\n\t\t\t\t<div class=\"elementor-widget-container\">\n\t\t\t<div class=\"ekit-wid-con\" ><div class=\"elementskit-section-title-wraper text_center   ekit_heading_tablet-   ekit_heading_mobile-\"><div class=\"ekit_heading_separetor_wraper ekit_heading_elementskit-border-divider elementskit-style-long\"><div class=\"elementskit-border-divider elementskit-style-long\"><\/div><\/div><h2 class=\"elementskit-section-title \">\n\t\t\t\t\tPor que escolher a Rabassa Corretora de Seguros?\n\t\t\t\t<\/h2><\/div><\/div>\t\t<\/div>\n\t\t\t\t<\/div>\n\t\t\t\t<section class=\"elementor-element elementor-element-1a15255 elementor-section-boxed elementor-section-height-default elementor-section-height-default elementor-section elementor-inner-section\" data-id=\"1a15255\" data-element_type=\"section\">\n\t\t\t\t\t\t<div class=\"elementor-container elementor-column-gap-default\">\n\t\t\t\t\t\t\t<div class=\"elementor-row\">\n\t\t\t\t\t<div class=\"elementor-element elementor-element-964f28b elementor-column elementor-col-25 elementor-inner-column\" data-id=\"964f28b\" data-element_type=\"column\">\n\t\t\t<div class=\"elementor-column-wrap elementor-element-populated\">\n\t\t\t\t\t\t\t<div class=\"elementor-widget-wrap\">\n\t\t\t\t\t\t<div class=\"elementor-element elementor-element-0400e48 elementor-view-default elementor-position-top elementor-vertical-align-top elementor-widget elementor-widget-icon-box\" data-id=\"0400e48\" data-element_type=\"widget\" data-widget_type=\"icon-box.default\">\n\t\t\t\t<div class=\"elementor-widget-container\">\n\t\t\t\t\t<div class=\"elementor-icon-box-wrapper\">\n\t\t\t\t\t\t<div class=\"elementor-icon-box-icon\">\n\t\t\t\t<span class=\"elementor-icon elementor-animation-\" >\n\t\t\t\t<i aria-hidden=\"true\" class=\"icon icon-light-bulb-1\"><\/i>\t\t\t\t<\/span>\n\t\t\t<\/div>\n\t\t\t\t\t\t<div class=\"elementor-icon-box-content\">\n\t\t\t\t<h3 class=\"elementor-icon-box-title\">\n\t\t\t\t\t<span >Conhecimento<\/span>\n\t\t\t\t<\/h3>\n\t\t\t\t\t\t\t\t<p class=\"elementor-icon-box-description\">Para orientar corretamente os clientes e oferecer as melhores solu\u00e7\u00f5es, \u00e9 fundamental conhecer bem os detalhes de cada seguro.<\/p>\n\t\t\t\t\t\t\t<\/div>\n\t\t<\/div>\n\t\t\t\t<\/div>\n\t\t\t\t<\/div>\n\t\t\t\t\t\t<\/div>\n\t\t\t\t\t<\/div>\n\t\t<\/div>\n\t\t\t\t<div class=\"elementor-element elementor-element-2bfb678 elementor-column elementor-col-25 elementor-inner-column\" data-id=\"2bfb678\" data-element_type=\"column\">\n\t\t\t<div class=\"elementor-column-wrap elementor-element-populated\">\n\t\t\t\t\t\t\t<div class=\"elementor-widget-wrap\">\n\t\t\t\t\t\t<div class=\"elementor-element elementor-element-819ec24 elementor-view-default elementor-position-top elementor-vertical-align-top elementor-widget elementor-widget-icon-box\" data-id=\"819ec24\" data-element_type=\"widget\" data-widget_type=\"icon-box.default\">\n\t\t\t\t<div class=\"elementor-widget-container\">\n\t\t\t\t\t<div class=\"elementor-icon-box-wrapper\">\n\t\t\t\t\t\t<div class=\"elementor-icon-box-icon\">\n\t\t\t\t<span class=\"elementor-icon elementor-animation-\" >\n\t\t\t\t<i aria-hidden=\"true\" class=\"icon icon-like1\"><\/i>\t\t\t\t<\/span>\n\t\t\t<\/div>\n\t\t\t\t\t\t<div class=\"elementor-icon-box-content\">\n\t\t\t\t<h3 class=\"elementor-icon-box-title\">\n\t\t\t\t\t<span >Experi\u00eancia<\/span>\n\t\t\t\t<\/h3>\n\t\t\t\t\t\t\t\t<p class=\"elementor-icon-box-description\">A experi\u00eancia da Rabassa garantem um atendimento melhor e mais \u00e1gil, resolvendo r\u00e1pido qualquer demanda.<\/p>\n\t\t\t\t\t\t\t<\/div>\n\t\t<\/div>\n\t\t\t\t<\/div>\n\t\t\t\t<\/div>\n\t\t\t\t\t\t<\/div>\n\t\t\t\t\t<\/div>\n\t\t<\/div>\n\t\t\t\t<div class=\"elementor-element elementor-element-7172159 elementor-column elementor-col-25 elementor-inner-column\" data-id=\"7172159\" data-element_type=\"column\">\n\t\t\t<div class=\"elementor-column-wrap elementor-element-populated\">\n\t\t\t\t\t\t\t<div class=\"elementor-widget-wrap\">\n\t\t\t\t\t\t<div class=\"elementor-element elementor-element-530e15c elementor-view-default elementor-position-top elementor-vertical-align-top elementor-widget elementor-widget-icon-box\" data-id=\"530e15c\" data-element_type=\"widget\" data-widget_type=\"icon-box.default\">\n\t\t\t\t<div class=\"elementor-widget-container\">\n\t\t\t\t\t<div class=\"elementor-icon-box-wrapper\">\n\t\t\t\t\t\t<div class=\"elementor-icon-box-icon\">\n\t\t\t\t<span class=\"elementor-icon elementor-animation-\" >\n\t\t\t\t<i aria-hidden=\"true\" class=\"icon icon-hand_shake\"><\/i>\t\t\t\t<\/span>\n\t\t\t<\/div>\n\t\t\t\t\t\t<div class=\"elementor-icon-box-content\">\n\t\t\t\t<h3 class=\"elementor-icon-box-title\">\n\t\t\t\t\t<span >Parcerias<\/span>\n\t\t\t\t<\/h3>\n\t\t\t\t\t\t\t\t<p class=\"elementor-icon-box-description\">Temos relacionamento diferenciado com as melhores seguradoras do mercado, garantindo ao segurado acesso \u00e0s melhores condi\u00e7\u00f5es.<\/p>\n\t\t\t\t\t\t\t<\/div>\n\t\t<\/div>\n\t\t\t\t<\/div>\n\t\t\t\t<\/div>\n\t\t\t\t\t\t<\/div>\n\t\t\t\t\t<\/div>\n\t\t<\/div>\n\t\t\t\t<div class=\"elementor-element elementor-element-3f8d1fb elementor-column elementor-col-25 elementor-inner-column\" data-id=\"3f8d1fb\" data-element_type=\"column\">\n\t\t\t<div class=\"elementor-column-wrap elementor-element-populated\">\n\t\t\t\t\t\t\t<div class=\"elementor-widget-wrap\">\n\t\t\t\t\t\t<div class=\"elementor-element elementor-element-8f1959b elementor-view-default elementor-position-top elementor-vertical-align-top elementor-widget elementor-widget-icon-box\" data-id=\"8f1959b\" data-element_type=\"widget\" data-widget_type=\"icon-box.default\">\n\t\t\t\t<div class=\"elementor-widget-container\">\n\t\t\t\t\t<div class=\"elementor-icon-box-wrapper\">\n\t\t\t\t\t\t<div class=\"elementor-icon-box-icon\">\n\t\t\t\t<span class=\"elementor-icon elementor-animation-\" >\n\t\t\t\t<i aria-hidden=\"true\" class=\"icon icon-timing\"><\/i>\t\t\t\t<\/span>\n\t\t\t<\/div>\n\t\t\t\t\t\t<div class=\"elementor-icon-box-content\">\n\t\t\t\t<h3 class=\"elementor-icon-box-title\">\n\t\t\t\t\t<span >Disponibilidade<\/span>\n\t\t\t\t<\/h3>\n\t\t\t\t\t\t\t\t<p class=\"elementor-icon-box-description\">Estamos sempre \u00e0 disposi\u00e7\u00e3o do segurado, atendendo e acompanhando sinistros e assist\u00eancias a fim de garantir a melhor atua\u00e7\u00e3o da seguradora.<\/p>\n\t\t\t\t\t\t\t<\/div>\n\t\t<\/div>\n\t\t\t\t<\/div>\n\t\t\t\t<\/div>\n\t\t\t\t\t\t<\/div>\n\t\t\t\t\t<\/div>\n\t\t<\/div>\n\t\t\t\t\t\t\t\t<\/div>\n\t\t\t\t\t<\/div>\n\t\t<\/section>\n\t\t\t\t<section class=\"elementor-element elementor-element-30a9e78 elementor-section-boxed elementor-section-height-default elementor-section-height-default elementor-section elementor-inner-section\" data-id=\"30a9e78\" data-element_type=\"section\">\n\t\t\t\t\t\t<div class=\"elementor-container elementor-column-gap-default\">\n\t\t\t\t\t\t\t<div class=\"elementor-row\">\n\t\t\t\t\t<div class=\"elementor-element elementor-element-c8fa640 elementor-column elementor-col-100 elementor-inner-column\" data-id=\"c8fa640\" data-element_type=\"column\">\n\t\t\t<div class=\"elementor-column-wrap\">\n\t\t\t\t\t\t\t<div class=\"elementor-widget-wrap\">\n\t\t\t\t\t\t\t\t<\/div>\n\t\t\t\t\t<\/div>\n\t\t<\/div>\n\t\t\t\t\t\t\t\t<\/div>\n\t\t\t\t\t<\/div>\n\t\t<\/section>\n\t\t\t\t\t\t<\/div>\n\t\t\t\t\t<\/div>\n\t\t<\/div>\n\t\t\t\t\t\t\t\t<\/div>\n\t\t\t\t\t<\/div>\n\t\t<\/section>\n\t\t\t\t<section class=\"elementor-element elementor-element-546220c elementor-section-boxed elementor-section-height-default elementor-section-height-default elementor-section elementor-top-section\" data-id=\"546220c\" data-element_type=\"section\">\n\t\t\t\t\t\t<div class=\"elementor-container elementor-column-gap-default\">\n\t\t\t\t\t\t\t<div class=\"elementor-row\">\n\t\t\t\t\t<div class=\"elementor-element elementor-element-d238f05 elementor-column elementor-col-100 elementor-top-column\" data-id=\"d238f05\" data-element_type=\"column\">\n\t\t\t<div class=\"elementor-column-wrap elementor-element-populated\">\n\t\t\t\t\t\t\t<div class=\"elementor-widget-wrap\">\n\t\t\t\t\t\t<div class=\"elementor-element elementor-element-8050cc1 elementor-widget elementor-widget-elementskit-heading\" data-id=\"8050cc1\" data-element_type=\"widget\" data-widget_type=\"elementskit-heading.default\">\n\t\t\t\t<div class=\"elementor-widget-container\">\n\t\t\t<div class=\"ekit-wid-con\" ><div class=\"elementskit-section-title-wraper text_center   ekit_heading_tablet-   ekit_heading_mobile-\"><div class=\"ekit_heading_separetor_wraper ekit_heading_elementskit-border-divider elementskit-style-long\"><div class=\"elementskit-border-divider elementskit-style-long\"><\/div><\/div><h2 class=\"elementskit-section-title \">\n\t\t\t\t\tHist\u00f3ria\n\t\t\t\t<\/h2><\/div><\/div>\t\t<\/div>\n\t\t\t\t<\/div>\n\t\t\t\t<div class=\"elementor-element elementor-element-2dbfd14 elementor-widget elementor-widget-image\" data-id=\"2dbfd14\" data-element_type=\"widget\" data-widget_type=\"image.default\">\n\t\t\t\t<div class=\"elementor-widget-container\">\n\t\t\t\t\t<div class=\"elementor-image\">\n\t\t\t\t\t\t\t\t\t\t<img loading=\"lazy\" decoding=\"async\" width=\"360\" height=\"180\" src=\"https:\/\/rabassaseguros.com.br\/wp-content\/uploads\/2019\/08\/logo-1.png\" class=\"attachment-large size-large\" alt=\"\" srcset=\"https:\/\/rabassaseguros.com.br\/wp-content\/uploads\/2019\/08\/logo-1.png 360w, https:\/\/rabassaseguros.com.br\/wp-content\/uploads\/2019\/08\/logo-1-300x150.png 300w\" sizes=\"(max-width: 360px) 100vw, 360px\" \/>\t\t\t\t\t\t\t\t\t\t\t<\/div>\n\t\t\t\t<\/div>\n\t\t\t\t<\/div>\n\t\t\t\t<section class=\"elementor-element elementor-element-379dffd elementor-section-boxed elementor-section-height-default elementor-section-height-default elementor-section elementor-inner-section\" data-id=\"379dffd\" data-element_type=\"section\">\n\t\t\t\t\t\t<div class=\"elementor-container elementor-column-gap-default\">\n\t\t\t\t\t\t\t<div class=\"elementor-row\">\n\t\t\t\t\t<div class=\"elementor-element elementor-element-c34cd9e elementor-column elementor-col-100 elementor-inner-column\" data-id=\"c34cd9e\" data-element_type=\"column\">\n\t\t\t<div class=\"elementor-column-wrap elementor-element-populated\">\n\t\t\t\t\t\t\t<div class=\"elementor-widget-wrap\">\n\t\t\t\t\t\t<div class=\"elementor-element elementor-element-c942cdb elementor-widget elementor-widget-text-editor\" data-id=\"c942cdb\" data-element_type=\"widget\" data-widget_type=\"text-editor.default\">\n\t\t\t\t<div class=\"elementor-widget-container\">\n\t\t\t\t\t<div class=\"elementor-text-editor elementor-clearfix\"><p style=\"text-align: center;\"><strong>H\u00c1 MAIS DE 50 ANOS, CUIDAR DE VOC\u00ca \u00c9 NOSSA PRIORIDADE.<\/strong><\/p><p><img loading=\"lazy\" decoding=\"async\" class=\"size-medium wp-image-5547 alignleft\" src=\"https:\/\/rabassaseguros.com.br\/wp-content\/uploads\/2020\/11\/fachada-300x241.png\" alt=\"\" width=\"300\" height=\"241\" srcset=\"https:\/\/rabassaseguros.com.br\/wp-content\/uploads\/2020\/11\/fachada-300x241.png 300w, https:\/\/rabassaseguros.com.br\/wp-content\/uploads\/2020\/11\/fachada.png 500w\" sizes=\"(max-width: 300px) 100vw, 300px\" \/>Cuidar de voc\u00ea \u00e9 entender que problemas acontecem \u2014 e estender a m\u00e3o quando eles acontecerem.<\/p><p>Cuidar de voc\u00ea \u00e9 entender que problemas frustram planos \u2014 e ter tudo pr\u00e9-planejado nesse caso.<\/p><p>Cuidar de voc\u00ea \u00e9 compreender que a perda n\u00e3o se compensa \u2014 mas dar a oportunidade de recome\u00e7ar.<\/p><p>N\u00f3s zelamos por voc\u00ea justamente para que voc\u00ea n\u00e3o precise ser cuidadoso com tudo. Nos momentos de lazer e de divers\u00e3o, \u00e9 s\u00f3 com isso que voc\u00ea quer se preocupar, e n\u00e3o manter naquele cantinho do pensamento todas preocupa\u00e7\u00f5es secretas com planos de conting\u00eancia em caso de algo inusitado aparecer.<\/p><p>Se aparecer, no entanto, n\u00f3s estaremos l\u00e1. E \u00e9 a\u00ed que entram esses mais de 40 anos de experi\u00eancia. Cuidar \u00e9 uma coisa complicada e, \u00e0s vezes, voc\u00ea se incomoda fazendo isso por sua conta. Envolve pap\u00e9is, envolve pessoas assinando esse pap\u00e9is. Mas, se voc\u00ea preferir, pode envolver uma cadeira confort\u00e1vel, um bom caf\u00e9 e algumas poucas conversas r\u00e1pidas. Depois, uma equipe inteira estar\u00e1 cuidando de negocia\u00e7\u00f5es e tr\u00e2mites, lidando com essa complexidade para tornar os momentos mais importantes da sua vida agrad\u00e1veis e leves, para garantir que voc\u00ea esteja presente de verdade neles, sem que sua cabe\u00e7a esteja flutuando em outro lugar.<\/p><p><strong>NOSSA FORMA DE TRABALHAR<\/strong><br \/>O trabalho da Rabassa compreende tr\u00eas etapas simples, que resumem nosso compromisso com voc\u00ea.<\/p><p>1. Entender as suas necessidades.<br \/>2. Elaborar um seguro na medida para essas necessidades.<br \/>3. Gerenciar esse seguro para que voc\u00ea possa descansar.<br \/>Uma seguradora n\u00e3o interfere no acaso. Mas ela permite que a tranquilidade continue na sua vida apesar dele. Uma vida sem imprevistos \u00e9 mon\u00f3tona, mas, \u00e0s vezes, os imprevistos sopram forte e causam dano \u2014 e \u00e9 com esse dano que n\u00f3s lidamos. \u00c9 para enfrentar esse dano que a Rabassa estende a m\u00e3o para voc\u00ea.<\/p><p>Nosso trabalho \u00e9 garantir que os seus per\u00edodos de tranquilidade possam ser tranquilos de verdade e que seus per\u00edodos de dificuldade n\u00e3o sejam t\u00e3o dif\u00edceis assim.<\/p><p><strong>TRANQUILIDADE PARA VOC\u00ca<\/strong><br \/>Atr\u00e1s da sua tranquilidade h\u00e1 uma equipe capacitada que trabalha quase anonimamente, fazendo com que diversas possibilidades de recupera\u00e7\u00e3o e de seguran\u00e7a estejam sempre \u00e0 sua disposi\u00e7\u00e3o. Eles lidam com toda a complexidade desse processo para voc\u00ea, e \u00e9 nessas horas que voc\u00ea deve considerar o peso da experi\u00eancia.<\/p><p>Cuidar das suas necessidades h\u00e1 quarenta anos n\u00e3o significa apenas tradi\u00e7\u00e3o. Sim, a Rabassa est\u00e1 no mercado h\u00e1 um bom tempo, mas isso quer dizer que n\u00f3s conhecemos as pessoas certas, que n\u00f3s sabemos o que costuma ser priorit\u00e1rio quando ocorrem acidentes, que n\u00f3s entendemos que situa\u00e7\u00f5es de stress s\u00e3o desconfort\u00e1veis e que \u00e9 justamente nessas horas que voc\u00ea precisa relaxar. \u00c9 isso que esses quarenta anos significam: que n\u00f3s temos o know how para voc\u00ea ficar confort\u00e1vel enquanto n\u00f3s lidamos com os conflitos e procuramos minimizar o impacto desses acidentes.<\/p><\/div>\n\t\t\t\t<\/div>\n\t\t\t\t<\/div>\n\t\t\t\t\t\t<\/div>\n\t\t\t\t\t<\/div>\n\t\t<\/div>\n\t\t\t\t\t\t\t\t<\/div>\n\t\t\t\t\t<\/div>\n\t\t<\/section>\n\t\t\t\t\t\t<\/div>\n\t\t\t\t\t<\/div>\n\t\t<\/div>\n\t\t\t\t\t\t\t\t<\/div>\n\t\t\t\t\t<\/div>\n\t\t<\/section>\n\t\t\t\t<section class=\"elementor-element elementor-element-c96fd32 cta elementor-section-boxed elementor-section-height-default elementor-section-height-default elementor-section elementor-top-section\" data-id=\"c96fd32\" data-element_type=\"section\">\n\t\t\t\t\t\t<div class=\"elementor-container elementor-column-gap-default\">\n\t\t\t\t\t\t\t<div class=\"elementor-row\">\n\t\t\t\t\t<div class=\"elementor-element elementor-element-882a1f7 elementor-column elementor-col-100 elementor-top-column\" data-id=\"882a1f7\" data-element_type=\"column\" data-settings=\"{&quot;background_background&quot;:&quot;classic&quot;}\">\n\t\t\t<div class=\"elementor-column-wrap elementor-element-populated\">\n\t\t\t\t\t<div class=\"elementor-background-overlay\"><\/div>\n\t\t\t\t\t\t\t<div class=\"elementor-widget-wrap\">\n\t\t\t\t\t\t<section class=\"elementor-element elementor-element-e0c2b94 elementor-section-boxed elementor-section-height-default elementor-section-height-default elementor-section elementor-inner-section\" data-id=\"e0c2b94\" data-element_type=\"section\">\n\t\t\t\t\t\t<div class=\"elementor-container elementor-column-gap-default\">\n\t\t\t\t\t\t\t<div class=\"elementor-row\">\n\t\t\t\t\t<div class=\"elementor-element elementor-element-061ad4d elementor-column elementor-col-50 elementor-inner-column\" data-id=\"061ad4d\" data-element_type=\"column\">\n\t\t\t<div class=\"elementor-column-wrap elementor-element-populated\">\n\t\t\t\t\t\t\t<div class=\"elementor-widget-wrap\">\n\t\t\t\t\t\t<div class=\"elementor-element elementor-element-213d6b8 elementor-widget elementor-widget-text-editor\" data-id=\"213d6b8\" data-element_type=\"widget\" data-widget_type=\"text-editor.default\">\n\t\t\t\t<div class=\"elementor-widget-container\">\n\t\t\t\t\t<div class=\"elementor-text-editor elementor-clearfix\"><p><strong style=\"color: #fff;\">Vamos nos conhecer melhor?<\/strong><\/p><\/div>\n\t\t\t\t<\/div>\n\t\t\t\t<\/div>\n\t\t\t\t\t\t<\/div>\n\t\t\t\t\t<\/div>\n\t\t<\/div>\n\t\t\t\t<div class=\"elementor-element elementor-element-224f000 elementor-column elementor-col-50 elementor-inner-column\" data-id=\"224f000\" data-element_type=\"column\">\n\t\t\t<div class=\"elementor-column-wrap elementor-element-populated\">\n\t\t\t\t\t\t\t<div class=\"elementor-widget-wrap\">\n\t\t\t\t\t\t<div class=\"elementor-element elementor-element-51cb5ea elementor-widget elementor-widget-elementskit-button\" data-id=\"51cb5ea\" data-element_type=\"widget\" data-widget_type=\"elementskit-button.default\">\n\t\t\t\t<div class=\"elementor-widget-container\">\n\t\t\t<div class=\"ekit-wid-con\" >\t\t<div class=\"ekit-btn-wraper\">\n\t\t\t\t\t\t\t<a href=\"https:\/\/api.whatsapp.com\/send?1=pt_BR&#038;phone=555330278000\" target=\"_blank\" rel=\"nofollow\" class=\"elementskit-btn \" >\n\t\t\t\t\t\n\t\t\t\t\t<i aria-hidden=\"true\" class=\"fab fa-whatsapp\"><\/i>\n\t\t\t\t\t(53) 3027.8000\t\t\t\t<\/a>\n\t\t\t\t\t\t<\/div>\n        <\/div>\t\t<\/div>\n\t\t\t\t<\/div>\n\t\t\t\t\t\t<\/div>\n\t\t\t\t\t<\/div>\n\t\t<\/div>\n\t\t\t\t\t\t\t\t<\/div>\n\t\t\t\t\t<\/div>\n\t\t<\/section>\n\t\t\t\t\t\t<\/div>\n\t\t\t\t\t<\/div>\n\t\t<\/div>\n\t\t\t\t\t\t\t\t<\/div>\n\t\t\t\t\t<\/div>\n\t\t<\/section>\n\t\t\t\t\t\t<\/div>\n\t\t\t\t\t\t<\/div>\n\t\t\t\t\t<\/div>\n\t\t","protected":false},"excerpt":{"rendered":"<p>Por que escolher a Rabassa Corretora de Seguros? Conhecimento Para orientar corretamente os clientes e oferecer as melhores solu\u00e7\u00f5es, \u00e9 fundamental conhecer bem os detalhes de cada seguro. Experi\u00eancia A experi\u00eancia da Rabassa garantem um atendimento melhor e mais \u00e1gil, resolvendo r\u00e1pido qualquer demanda. Parcerias Temos relacionamento diferenciado com as melhores seguradoras do mercado, garantindo [&hellip;]<\/p>\n","protected":false},"author":1,"featured_media":0,"parent":0,"menu_order":0,"comment_status":"closed","ping_status":"closed","template":"template\/full-width-template.php","meta":{"_joinchat":[],"footnotes":""},"class_list":["post-4507","page","type-page","status-publish","hentry"],"_links":{"self":[{"href":"https:\/\/rabassaseguros.com.br\/index.php?rest_route=\/wp\/v2\/pages\/4507"}],"collection":[{"href":"https:\/\/rabassaseguros.com.br\/index.php?rest_route=\/wp\/v2\/pages"}],"about":[{"href":"https:\/\/rabassaseguros.com.br\/index.php?rest_route=\/wp\/v2\/types\/page"}],"author":[{"embeddable":true,"href":"https:\/\/rabassaseguros.com.br\/index.php?rest_route=\/wp\/v2\/users\/1"}],"replies":[{"embeddable":true,"href":"https:\/\/rabassaseguros.com.br\/index.php?rest_route=%2Fwp%2Fv2%2Fcomments&post=4507"}],"version-history":[{"count":0,"href":"https:\/\/rabassaseguros.com.br\/index.php?rest_route=\/wp\/v2\/pages\/4507\/revisions"}],"wp:attachment":[{"href":"https:\/\/rabassaseguros.com.br\/index.php?rest_route=%2Fwp%2Fv2%2Fmedia&parent=4507"}],"curies":[{"name":"wp","href":"https:\/\/api.w.org\/{rel}","templated":true}]}}