{"id":4753,"date":"2020-08-19T14:52:06","date_gmt":"2020-08-19T17:52:06","guid":{"rendered":"https:\/\/rabassaseguros.com.br\/?page_id=4753"},"modified":"2020-12-06T21:02:07","modified_gmt":"2020-12-07T00:02:07","slug":"previdencia","status":"publish","type":"page","link":"https:\/\/rabassaseguros.com.br\/?page_id=4753","title":{"rendered":"PREVID\u00caNCIA"},"content":{"rendered":"\t\t<div data-elementor-type=\"wp-post\" data-elementor-id=\"4753\" class=\"elementor elementor-4753\" data-elementor-settings=\"[]\">\n\t\t\t\t\t\t<div class=\"elementor-inner\">\n\t\t\t\t\t\t\t<div class=\"elementor-section-wrap\">\n\t\t\t\t\t\t\t<section class=\"elementor-element elementor-element-176f348e elementor-section-content-middle mobile-left elementor-section-boxed elementor-section-height-default elementor-section-height-default elementor-section elementor-inner-section\" data-id=\"176f348e\" data-element_type=\"section\" data-settings=\"{&quot;background_background&quot;:&quot;classic&quot;}\">\n\t\t\t\t\t\t<div class=\"elementor-container elementor-column-gap-no\">\n\t\t\t\t\t\t\t<div class=\"elementor-row\">\n\t\t\t\t\t<div class=\"elementor-element elementor-element-6fa1c527 elementor-column elementor-col-50 elementor-inner-column\" data-id=\"6fa1c527\" data-element_type=\"column\">\n\t\t\t<div class=\"elementor-column-wrap elementor-element-populated\">\n\t\t\t\t\t\t\t<div class=\"elementor-widget-wrap\">\n\t\t\t\t\t\t<div class=\"elementor-element elementor-element-7e2e98a5 elementor-widget elementor-widget-elementskit-heading\" data-id=\"7e2e98a5\" data-element_type=\"widget\" data-widget_type=\"elementskit-heading.default\">\n\t\t\t\t<div class=\"elementor-widget-container\">\n\t\t\t<div class=\"ekit-wid-con\" ><div class=\"elementskit-section-title-wraper text_right   ekit_heading_tablet-   ekit_heading_mobile-\"><h2 class=\"elementskit-section-title \">\n\t\t\t\t\tPREVID\u00caNCIA\n\t\t\t\t<\/h2><div class=\"ekit_heading_separetor_wraper ekit_heading_elementskit-border-divider elementskit-style-long\"><div class=\"elementskit-border-divider elementskit-style-long\"><\/div><\/div><\/div><\/div>\t\t<\/div>\n\t\t\t\t<\/div>\n\t\t\t\t\t\t<\/div>\n\t\t\t\t\t<\/div>\n\t\t<\/div>\n\t\t\t\t<div class=\"elementor-element elementor-element-1ac7888d elementor-column elementor-col-50 elementor-inner-column\" data-id=\"1ac7888d\" data-element_type=\"column\">\n\t\t\t<div class=\"elementor-column-wrap elementor-element-populated\">\n\t\t\t\t\t\t\t<div class=\"elementor-widget-wrap\">\n\t\t\t\t\t\t<div class=\"elementor-element elementor-element-70b1e85b elementor-widget elementor-widget-elementskit-heading\" data-id=\"70b1e85b\" data-element_type=\"widget\" data-widget_type=\"elementskit-heading.default\">\n\t\t\t\t<div class=\"elementor-widget-container\">\n\t\t\t<div class=\"ekit-wid-con\" ><div class=\"elementskit-section-title-wraper text_left   ekit_heading_tablet-   ekit_heading_mobile-\"><p>Um pouquinho por m\u00eas voc\u00ea garante seu futuro, sendo que, quanto mais cedo come\u00e7ar, maior ser\u00e1 sua reserva.<\/p>\n<\/div><\/div>\t\t<\/div>\n\t\t\t\t<\/div>\n\t\t\t\t\t\t<\/div>\n\t\t\t\t\t<\/div>\n\t\t<\/div>\n\t\t\t\t\t\t\t\t<\/div>\n\t\t\t\t\t<\/div>\n\t\t<\/section>\n\t\t\t\t<section class=\"elementor-element elementor-element-6e89a0e6 elementor-section-boxed elementor-section-height-default elementor-section-height-default elementor-section elementor-top-section\" data-id=\"6e89a0e6\" data-element_type=\"section\">\n\t\t\t\t\t\t<div class=\"elementor-container elementor-column-gap-default\">\n\t\t\t\t\t\t\t<div class=\"elementor-row\">\n\t\t\t\t\t<div class=\"elementor-element elementor-element-28da1256 elementor-column elementor-col-100 elementor-top-column\" data-id=\"28da1256\" data-element_type=\"column\">\n\t\t\t<div class=\"elementor-column-wrap elementor-element-populated\">\n\t\t\t\t\t\t\t<div class=\"elementor-widget-wrap\">\n\t\t\t\t\t\t<div class=\"elementor-element elementor-element-1b5fd005 elementor-widget elementor-widget-image\" data-id=\"1b5fd005\" data-element_type=\"widget\" data-widget_type=\"image.default\">\n\t\t\t\t<div class=\"elementor-widget-container\">\n\t\t\t\t\t<div class=\"elementor-image\">\n\t\t\t\t\t\t\t\t\t\t<img loading=\"lazy\" decoding=\"async\" width=\"1110\" height=\"411\" src=\"https:\/\/rabassaseguros.com.br\/wp-content\/uploads\/2020\/08\/previdencia.png\" class=\"attachment-full size-full\" alt=\"\" srcset=\"https:\/\/rabassaseguros.com.br\/wp-content\/uploads\/2020\/08\/previdencia.png 1110w, https:\/\/rabassaseguros.com.br\/wp-content\/uploads\/2020\/08\/previdencia-300x111.png 300w, https:\/\/rabassaseguros.com.br\/wp-content\/uploads\/2020\/08\/previdencia-1024x379.png 1024w, https:\/\/rabassaseguros.com.br\/wp-content\/uploads\/2020\/08\/previdencia-768x284.png 768w\" sizes=\"(max-width: 1110px) 100vw, 1110px\" \/>\t\t\t\t\t\t\t\t\t\t\t<\/div>\n\t\t\t\t<\/div>\n\t\t\t\t<\/div>\n\t\t\t\t\t\t<\/div>\n\t\t\t\t\t<\/div>\n\t\t<\/div>\n\t\t\t\t\t\t\t\t<\/div>\n\t\t\t\t\t<\/div>\n\t\t<\/section>\n\t\t\t\t<section class=\"elementor-element elementor-element-32fb1eda cta elementor-section-boxed elementor-section-height-default elementor-section-height-default elementor-section elementor-top-section\" data-id=\"32fb1eda\" data-element_type=\"section\">\n\t\t\t\t\t\t<div class=\"elementor-container elementor-column-gap-default\">\n\t\t\t\t\t\t\t<div class=\"elementor-row\">\n\t\t\t\t\t<div class=\"elementor-element elementor-element-54e6ed5c elementor-column elementor-col-100 elementor-top-column\" data-id=\"54e6ed5c\" data-element_type=\"column\" data-settings=\"{&quot;background_background&quot;:&quot;classic&quot;}\">\n\t\t\t<div class=\"elementor-column-wrap elementor-element-populated\">\n\t\t\t\t\t<div class=\"elementor-background-overlay\"><\/div>\n\t\t\t\t\t\t\t<div class=\"elementor-widget-wrap\">\n\t\t\t\t\t\t<section class=\"elementor-element elementor-element-488678af elementor-section-boxed elementor-section-height-default elementor-section-height-default elementor-section elementor-inner-section\" data-id=\"488678af\" data-element_type=\"section\">\n\t\t\t\t\t\t<div class=\"elementor-container elementor-column-gap-default\">\n\t\t\t\t\t\t\t<div class=\"elementor-row\">\n\t\t\t\t\t<div class=\"elementor-element elementor-element-2eb83aa9 elementor-column elementor-col-50 elementor-inner-column\" data-id=\"2eb83aa9\" data-element_type=\"column\">\n\t\t\t<div class=\"elementor-column-wrap elementor-element-populated\">\n\t\t\t\t\t\t\t<div class=\"elementor-widget-wrap\">\n\t\t\t\t\t\t<div class=\"elementor-element elementor-element-5a25770a elementor-widget elementor-widget-elementskit-heading\" data-id=\"5a25770a\" data-element_type=\"widget\" data-widget_type=\"elementskit-heading.default\">\n\t\t\t\t<div class=\"elementor-widget-container\">\n\t\t\t<div class=\"ekit-wid-con\" ><div class=\"elementskit-section-title-wraper text_left   ekit_heading_tablet-   ekit_heading_mobile-\"><h2 class=\"elementskit-section-title \">\n\t\t\t\t\tSOLICITE UMA SIMULA\u00c7\u00c3O E DESCUBRA COMO FUNCIONA\n\t\t\t\t<\/h2><\/div><\/div>\t\t<\/div>\n\t\t\t\t<\/div>\n\t\t\t\t\t\t<\/div>\n\t\t\t\t\t<\/div>\n\t\t<\/div>\n\t\t\t\t<div class=\"elementor-element elementor-element-17f59745 elementor-column elementor-col-50 elementor-inner-column\" data-id=\"17f59745\" data-element_type=\"column\">\n\t\t\t<div class=\"elementor-column-wrap elementor-element-populated\">\n\t\t\t\t\t\t\t<div class=\"elementor-widget-wrap\">\n\t\t\t\t\t\t<div class=\"elementor-element elementor-element-527083f1 elementor-widget elementor-widget-elementskit-button\" data-id=\"527083f1\" data-element_type=\"widget\" data-widget_type=\"elementskit-button.default\">\n\t\t\t\t<div class=\"elementor-widget-container\">\n\t\t\t<div class=\"ekit-wid-con\" >\t\t<div class=\"ekit-btn-wraper\">\n\t\t\t\t\t\t\t<a href=\"https:\/\/api.whatsapp.com\/send?1=pt_BR&#038;phone=555330278000\" target=\"_blank\" rel=\"nofollow\" class=\"elementskit-btn \" >\n\t\t\t\t\t\n\t\t\t\t\t<i aria-hidden=\"true\" class=\"icon icon-magnifying-glass-search\"><\/i>\n\t\t\t\t\tCOTE AQUI\t\t\t\t<\/a>\n\t\t\t\t\t\t<\/div>\n        <\/div>\t\t<\/div>\n\t\t\t\t<\/div>\n\t\t\t\t\t\t<\/div>\n\t\t\t\t\t<\/div>\n\t\t<\/div>\n\t\t\t\t\t\t\t\t<\/div>\n\t\t\t\t\t<\/div>\n\t\t<\/section>\n\t\t\t\t\t\t<\/div>\n\t\t\t\t\t<\/div>\n\t\t<\/div>\n\t\t\t\t\t\t\t\t<\/div>\n\t\t\t\t\t<\/div>\n\t\t<\/section>\n\t\t\t\t<section class=\"elementor-element elementor-element-c4ddcad elementor-section-content-middle elementor-section-boxed elementor-section-height-default elementor-section-height-default elementor-section elementor-top-section\" data-id=\"c4ddcad\" data-element_type=\"section\" data-settings=\"{&quot;background_background&quot;:&quot;classic&quot;}\">\n\t\t\t\t\t\t\t<div class=\"elementor-background-overlay\"><\/div>\n\t\t\t\t\t\t\t<div class=\"elementor-container elementor-column-gap-default\">\n\t\t\t\t\t\t\t<div class=\"elementor-row\">\n\t\t\t\t\t<div class=\"elementor-element elementor-element-81d9add elementor-column elementor-col-100 elementor-top-column\" data-id=\"81d9add\" data-element_type=\"column\">\n\t\t\t<div class=\"elementor-column-wrap elementor-element-populated\">\n\t\t\t\t\t\t\t<div class=\"elementor-widget-wrap\">\n\t\t\t\t\t\t<div class=\"elementor-element elementor-element-af062e8 elementor-widget elementor-widget-heading\" data-id=\"af062e8\" data-element_type=\"widget\" data-widget_type=\"heading.default\">\n\t\t\t\t<div class=\"elementor-widget-container\">\n\t\t\t<h2 class=\"elementor-heading-title elementor-size-default\">UMA TAXA DE GEST\u00c3O MAIS BAIXA FAZ TODA A DIFEREN\u00c7A<\/h2>\t\t<\/div>\n\t\t\t\t<\/div>\n\t\t\t\t<div class=\"elementor-element elementor-element-2d6d314 elementor-widget elementor-widget-text-editor\" data-id=\"2d6d314\" data-element_type=\"widget\" data-widget_type=\"text-editor.default\">\n\t\t\t\t<div class=\"elementor-widget-container\">\n\t\t\t\t\t<div class=\"elementor-text-editor elementor-clearfix\"><p>Seja como investimento ou pensando na aposentadoria, a previd\u00eancia \u00e9 uma excelente op\u00e7\u00e3o de acumula\u00e7\u00e3o. Com ela voc\u00ea pode realizar um sonho futuro, fazer uma viagem, adquirir um bem ou de garantir o estudo dos filhos.<br \/>O produto \u00e9 uma \u00f3tima forma de poupar, mas existe um cuidado fundamental ao contratar um plano: analisar a taxa de administra\u00e7\u00e3o.<\/p><p>Para que seu investimento em previd\u00eancia tenha um rendimento superior, essa taxa tem que ser baixas. Nos bancos ela \u00e9 muita alta e, por isso, \u00e9 muito mais vantajoso ter sua previd\u00eancia por meio de um corretor de seguros. e o melhor \u00e9 que voc\u00ea pode mudar seu plano j\u00e1 existente para um mais rent\u00e1vel. Fale conosco sobre isso.<\/p><p>A previd\u00eancia \u00e9 tamb\u00e9m um instrumento de planejamento sucess\u00f3rio, pois, no caso de falecimento do participante, n\u00e3o entra no processo de invent\u00e1rio.<\/p><p>Traga suas reservas de previd\u00eancia para serem geridas por quem \u00e9 especialista no assunto.<\/p><\/div>\n\t\t\t\t<\/div>\n\t\t\t\t<\/div>\n\t\t\t\t\t\t<\/div>\n\t\t\t\t\t<\/div>\n\t\t<\/div>\n\t\t\t\t\t\t\t\t<\/div>\n\t\t\t\t\t<\/div>\n\t\t<\/section>\n\t\t\t\t<section class=\"elementor-element elementor-element-68adc57e elementor-section-boxed elementor-section-height-default elementor-section-height-default elementor-section elementor-top-section\" data-id=\"68adc57e\" data-element_type=\"section\" data-settings=\"{&quot;background_background&quot;:&quot;classic&quot;}\">\n\t\t\t\t\t\t<div class=\"elementor-container elementor-column-gap-default\">\n\t\t\t\t\t\t\t<div class=\"elementor-row\">\n\t\t\t\t\t<div class=\"elementor-element elementor-element-674ff23a elementor-column elementor-col-50 elementor-top-column\" data-id=\"674ff23a\" data-element_type=\"column\">\n\t\t\t<div class=\"elementor-column-wrap elementor-element-populated\">\n\t\t\t\t\t\t\t<div class=\"elementor-widget-wrap\">\n\t\t\t\t\t\t<div class=\"elementor-element elementor-element-152eebb6 elementor-widget elementor-widget-instive-cf-form\" data-id=\"152eebb6\" data-element_type=\"widget\" data-widget_type=\"instive-cf-form.default\">\n\t\t\t\t<div class=\"elementor-widget-container\">\n\t\t\t  \n        \n\n       <div class=\"ts-form-wrap ts-tab ts-form-wrap-home\">\n            <!-- Nav tabs -->\n            <ul class=\"nav nav-tabs\" role=\"tablist\">\n                              \n                    <li class=\"nav-item\">\n                       <a class=\"nav-link active\" data-toggle=\"tab\" href=\"#3584be5\" role=\"tab\" aria-selected=\"true\">cota\u00e7\u00e3o<\/a>\n                    <\/li>\n\n                            <\/ul>\n           \n            <div class=\"tab-content\">    \n            <!-- Tab panes -->\n                              \n                     <div class=\"tab-pane active\" id=\"3584be5\" role=\"tabpanel\">\n                        <p>Deixe seus dados e receba nosso contato<\/p>\n                           \n<div class=\"wpcf7 no-js\" id=\"wpcf7-f4320-o1\" lang=\"en-US\" dir=\"ltr\" data-wpcf7-id=\"4320\">\n<div class=\"screen-reader-response\"><p role=\"status\" aria-live=\"polite\" aria-atomic=\"true\"><\/p> <ul><\/ul><\/div>\n<form action=\"\/index.php?rest_route=%2Fwp%2Fv2%2Fpages%2F4753#wpcf7-f4320-o1\" method=\"post\" class=\"wpcf7-form init\" aria-label=\"Contact form\" novalidate=\"novalidate\" data-status=\"init\">\n<div style=\"display: none;\">\n<input type=\"hidden\" name=\"_wpcf7\" value=\"4320\" \/>\n<input type=\"hidden\" name=\"_wpcf7_version\" value=\"6.0.3\" \/>\n<input type=\"hidden\" name=\"_wpcf7_locale\" value=\"en_US\" \/>\n<input type=\"hidden\" name=\"_wpcf7_unit_tag\" value=\"wpcf7-f4320-o1\" \/>\n<input type=\"hidden\" name=\"_wpcf7_container_post\" value=\"0\" \/>\n<input type=\"hidden\" name=\"_wpcf7_posted_data_hash\" value=\"\" \/>\n<input type=\"hidden\" name=\"_wpcf7_recaptcha_response\" value=\"\" \/>\n<\/div>\n<p><span class=\"wpcf7-form-control-wrap\" data-name=\"instivename\"><input size=\"40\" maxlength=\"400\" class=\"wpcf7-form-control wpcf7-text wpcf7-validates-as-required\" aria-required=\"true\" aria-invalid=\"false\" placeholder=\"Nome\" value=\"\" type=\"text\" name=\"instivename\" \/><\/span><br \/>\n<span class=\"wpcf7-form-control-wrap instivephone\" style=\" margin-top: -26px; \"><i aria-hidden=\"true\" class=\"fas fa-phone-alt\" style=\"position: relative;\/* top: 0; *\/left: 22px;\/* font-family: 'ts-font' !important; *\/bottom: -36px;\/* padding: 12px 0px; *\/font-size: 15px;margin-bottom: -6px;z-index: 1;color: #7f99bb;\"><\/i><br \/>\n<span class=\"wpcf7-form-control-wrap\" data-name=\"instivephone\"><input size=\"40\" maxlength=\"400\" class=\"wpcf7-form-control wpcf7-tel wpcf7-validates-as-required wpcf7-text wpcf7-validates-as-tel\" aria-required=\"true\" aria-invalid=\"false\" placeholder=\"fone\" value=\"\" type=\"tel\" name=\"instivephone\" \/><\/span><\/span><br \/>\n<span class=\"wpcf7-form-control-wrap\" data-name=\"instivemail\"><input size=\"40\" maxlength=\"400\" class=\"wpcf7-form-control wpcf7-email wpcf7-validates-as-required wpcf7-text wpcf7-validates-as-email\" aria-required=\"true\" aria-invalid=\"false\" placeholder=\"Email\" value=\"\" type=\"email\" name=\"instivemail\" \/><\/span>\n<\/p>\n<p>Concordo com o termo abaixo:\n<\/p>\n<style>\ninput[type=checkbox], input[type=radio] {\n box-sizing: border-box;\n padding: 0;\n width: auto !important;\n vertical-align: middle !important;\n}\n.ts-form-wrap .wpcf7-form-control-wrap textarea {\n \/* padding-left: 55px; *\/\n min-height: 50px;\n color: #666;\n font-family: \"Open Sans\", sans-serif;\n width: 100%;\n -webkit-box-shadow: 0px 35px 50px 0px rgba(0, 0, 0, 0.07);\n box-shadow: 0px 35px 50px 0px rgba(0, 0, 0, 0.07);\n border: 1px solid #ededed;\n border-radius: 5px;\n font-size: 14px;\n font-weight: 600;\n -webkit-transition: 0.5s;\n -o-transition: 0.5s;\n transition: 0.5s;\n text-transform: uppercase;\n}\n<\/style>\n<p><span class=\"wpcf7-form-control-wrap\" data-name=\"acceptance-925\"><span class=\"wpcf7-form-control wpcf7-acceptance\"><span class=\"wpcf7-list-item\"><label><input type=\"checkbox\" name=\"acceptance-925\" value=\"1\" aria-invalid=\"false\" \/><span class=\"wpcf7-list-item-label\">Ao clicar em \u201cEnviar\u201d, voc\u00ea indica que aceita e est\u00e1 de acordo com a nossa <a href=\"https:\/\/rabassaseguros.com.br\/?page_id=5500\" style=\"color:#2d3058;\" style=\" color: #2d3058; \"><strong>Pol\u00edtica de Privacidade<\/strong><\/a>.<\/span><\/label><\/span><\/span><\/span><br \/>\n<input class=\"wpcf7-form-control wpcf7-submit has-spinner btn ts-form-submit\" type=\"submit\" value=\"Enviar\" \/>\n<\/p><div class=\"wpcf7-response-output\" aria-hidden=\"true\"><\/div>\n<\/form>\n<\/div>\n    \n                     <\/div>\n                     \n                           <\/div>\n            \n      \n            \n            <!-- extra  content -->\n        <\/div>\n    \t\t<\/div>\n\t\t\t\t<\/div>\n\t\t\t\t\t\t<\/div>\n\t\t\t\t\t<\/div>\n\t\t<\/div>\n\t\t\t\t<div class=\"elementor-element elementor-element-bdd4ee8 elementor-column elementor-col-50 elementor-top-column\" data-id=\"bdd4ee8\" data-element_type=\"column\">\n\t\t\t<div class=\"elementor-column-wrap elementor-element-populated\">\n\t\t\t\t\t\t\t<div class=\"elementor-widget-wrap\">\n\t\t\t\t\t\t<div class=\"elementor-element elementor-element-1dde581 elementor-widget elementor-widget-image\" data-id=\"1dde581\" data-element_type=\"widget\" data-widget_type=\"image.default\">\n\t\t\t\t<div class=\"elementor-widget-container\">\n\t\t\t\t\t<div class=\"elementor-image\">\n\t\t\t\t\t\t\t<figure class=\"wp-caption\">\n\t\t\t\t\t\t\t\t\t\t\t<a href=\"https:\/\/www.facebook.com\/rabassaseg\/photos\/a.601796503222687\/3568732363195738\" target=\"_blank\" rel=\"nofollow\">\n\t\t\t\t\t\t\t<img loading=\"lazy\" decoding=\"async\" width=\"800\" height=\"584\" src=\"https:\/\/rabassaseguros.com.br\/wp-content\/uploads\/2020\/11\/base-10.jpg\" class=\"attachment-full size-full\" alt=\"\" srcset=\"https:\/\/rabassaseguros.com.br\/wp-content\/uploads\/2020\/11\/base-10.jpg 800w, https:\/\/rabassaseguros.com.br\/wp-content\/uploads\/2020\/11\/base-10-300x219.jpg 300w, https:\/\/rabassaseguros.com.br\/wp-content\/uploads\/2020\/11\/base-10-768x561.jpg 768w\" sizes=\"(max-width: 800px) 100vw, 800px\" \/>\t\t\t\t\t\t\t\t<\/a>\n\t\t\t\t\t\t\t\t\t\t\t<figcaption class=\"widget-image-caption wp-caption-text\">Clique na imagem e saiba mais em nosso Facebook<\/figcaption>\n\t\t\t\t\t\t\t\t\t\t<\/figure>\n\t\t\t\t\t<\/div>\n\t\t\t\t<\/div>\n\t\t\t\t<\/div>\n\t\t\t\t\t\t<\/div>\n\t\t\t\t\t<\/div>\n\t\t<\/div>\n\t\t\t\t\t\t\t\t<\/div>\n\t\t\t\t\t<\/div>\n\t\t<\/section>\n\t\t\t\t<section class=\"elementor-element elementor-element-6518adb elementor-section-boxed elementor-section-height-default elementor-section-height-default elementor-section elementor-top-section\" data-id=\"6518adb\" data-element_type=\"section\">\n\t\t\t\t\t\t<div class=\"elementor-container elementor-column-gap-default\">\n\t\t\t\t\t\t\t<div class=\"elementor-row\">\n\t\t\t\t\t\t\t\t\t<\/div>\n\t\t\t\t\t<\/div>\n\t\t<\/section>\n\t\t\t\t\t\t<\/div>\n\t\t\t\t\t\t<\/div>\n\t\t\t\t\t<\/div>\n\t\t","protected":false},"excerpt":{"rendered":"<p>PREVID\u00caNCIA Um pouquinho por m\u00eas voc\u00ea garante seu futuro, sendo que, quanto mais cedo come\u00e7ar, maior ser\u00e1 sua reserva. SOLICITE UMA SIMULA\u00c7\u00c3O E DESCUBRA COMO FUNCIONA COTE AQUI UMA TAXA DE GEST\u00c3O MAIS BAIXA FAZ TODA A DIFEREN\u00c7A Seja como investimento ou pensando na aposentadoria, a previd\u00eancia \u00e9 uma excelente op\u00e7\u00e3o de acumula\u00e7\u00e3o. Com ela [&hellip;]<\/p>\n","protected":false},"author":1,"featured_media":0,"parent":0,"menu_order":0,"comment_status":"closed","ping_status":"closed","template":"template\/full-width-template.php","meta":{"_joinchat":[],"footnotes":""},"class_list":["post-4753","page","type-page","status-publish","hentry"],"_links":{"self":[{"href":"https:\/\/rabassaseguros.com.br\/index.php?rest_route=\/wp\/v2\/pages\/4753"}],"collection":[{"href":"https:\/\/rabassaseguros.com.br\/index.php?rest_route=\/wp\/v2\/pages"}],"about":[{"href":"https:\/\/rabassaseguros.com.br\/index.php?rest_route=\/wp\/v2\/types\/page"}],"author":[{"embeddable":true,"href":"https:\/\/rabassaseguros.com.br\/index.php?rest_route=\/wp\/v2\/users\/1"}],"replies":[{"embeddable":true,"href":"https:\/\/rabassaseguros.com.br\/index.php?rest_route=%2Fwp%2Fv2%2Fcomments&post=4753"}],"version-history":[{"count":0,"href":"https:\/\/rabassaseguros.com.br\/index.php?rest_route=\/wp\/v2\/pages\/4753\/revisions"}],"wp:attachment":[{"href":"https:\/\/rabassaseguros.com.br\/index.php?rest_route=%2Fwp%2Fv2%2Fmedia&parent=4753"}],"curies":[{"name":"wp","href":"https:\/\/api.w.org\/{rel}","templated":true}]}}