{"id":5711,"date":"2024-11-04T08:41:10","date_gmt":"2024-11-04T11:41:10","guid":{"rendered":"https:\/\/rabassaseguros.com.br\/?page_id=5711"},"modified":"2024-11-04T08:46:21","modified_gmt":"2024-11-04T11:46:21","slug":"faca-parte-da-nossa-equipe","status":"publish","type":"page","link":"https:\/\/rabassaseguros.com.br\/?page_id=5711","title":{"rendered":"FA\u00c7A PARTE DA NOSSA EQUIPE"},"content":{"rendered":"\t\t<div data-elementor-type=\"wp-page\" data-elementor-id=\"5711\" class=\"elementor elementor-5711\" data-elementor-settings=\"[]\">\n\t\t\t\t\t\t<div class=\"elementor-inner\">\n\t\t\t\t\t\t\t<div class=\"elementor-section-wrap\">\n\t\t\t\t\t\t\t<section class=\"elementor-element elementor-element-944ffb0 elementor-section-boxed elementor-section-height-default elementor-section-height-default elementor-section elementor-top-section\" data-id=\"944ffb0\" data-element_type=\"section\">\n\t\t\t\t\t\t<div class=\"elementor-container elementor-column-gap-default\">\n\t\t\t\t\t\t\t<div class=\"elementor-row\">\n\t\t\t\t\t<div class=\"elementor-element elementor-element-8904977 elementor-column elementor-col-50 elementor-top-column\" data-id=\"8904977\" data-element_type=\"column\">\n\t\t\t<div class=\"elementor-column-wrap\">\n\t\t\t\t\t\t\t<div class=\"elementor-widget-wrap\">\n\t\t\t\t\t\t\t\t<\/div>\n\t\t\t\t\t<\/div>\n\t\t<\/div>\n\t\t\t\t<div class=\"elementor-element elementor-element-fb0cd1c elementor-column elementor-col-25 elementor-top-column\" data-id=\"fb0cd1c\" data-element_type=\"column\">\n\t\t\t<div class=\"elementor-column-wrap\">\n\t\t\t\t\t\t\t<div class=\"elementor-widget-wrap\">\n\t\t\t\t\t\t\t\t<\/div>\n\t\t\t\t\t<\/div>\n\t\t<\/div>\n\t\t\t\t<div class=\"elementor-element elementor-element-fabaab1 elementor-column elementor-col-25 elementor-top-column\" data-id=\"fabaab1\" data-element_type=\"column\">\n\t\t\t<div class=\"elementor-column-wrap\">\n\t\t\t\t\t\t\t<div class=\"elementor-widget-wrap\">\n\t\t\t\t\t\t\t\t<\/div>\n\t\t\t\t\t<\/div>\n\t\t<\/div>\n\t\t\t\t\t\t\t\t<\/div>\n\t\t\t\t\t<\/div>\n\t\t<\/section>\n\t\t\t\t<section class=\"elementor-element elementor-element-930c586 elementor-section-boxed elementor-section-height-default elementor-section-height-default elementor-section elementor-top-section\" data-id=\"930c586\" data-element_type=\"section\">\n\t\t\t\t\t\t<div class=\"elementor-container elementor-column-gap-default\">\n\t\t\t\t\t\t\t<div class=\"elementor-row\">\n\t\t\t\t\t<div class=\"elementor-element elementor-element-5aa5a9f elementor-column elementor-col-100 elementor-top-column\" data-id=\"5aa5a9f\" data-element_type=\"column\">\n\t\t\t<div class=\"elementor-column-wrap elementor-element-populated\">\n\t\t\t\t\t\t\t<div class=\"elementor-widget-wrap\">\n\t\t\t\t\t\t<div class=\"elementor-element elementor-element-5bfa3bf elementor-widget elementor-widget-elementskit-icon-box\" data-id=\"5bfa3bf\" data-element_type=\"widget\" data-widget_type=\"elementskit-icon-box.default\">\n\t\t\t\t<div class=\"elementor-widget-container\">\n\t\t\t<div class=\"ekit-wid-con\" >        <!-- link opening -->\n                <!-- end link opening -->\n\n        <div class=\"elementskit-infobox text-left icon-lef-right-aligin elementor-animation- media   \">\n                    <div class=\"elementskit-box-header elementor-animation-\">\n                <div class=\"elementskit-info-box-icon  text-center\">\n                    <i aria-hidden=\"true\" class=\"elementkit-infobox-icon tsicon tsicon-user-group\"><\/i>\n                <\/div>\n          <\/div>\n                        <div class=\"box-body\">\n                            <h3 class=\"elementskit-info-box-title\">\n                    FA\u00c7A PARTE DO NOSSO TIME                <\/h3>\n                                    <p>PREENCHA O FORMUL\u00c1RIO ABAIXO <\/p>\n                                <\/div>\n        \n        \n                <\/div>\n        <\/div>\t\t<\/div>\n\t\t\t\t<\/div>\n\t\t\t\t\t\t<\/div>\n\t\t\t\t\t<\/div>\n\t\t<\/div>\n\t\t\t\t\t\t\t\t<\/div>\n\t\t\t\t\t<\/div>\n\t\t<\/section>\n\t\t\t\t<section class=\"elementor-element elementor-element-ef9812c elementor-section-boxed elementor-section-height-default elementor-section-height-default elementor-section elementor-top-section\" data-id=\"ef9812c\" data-element_type=\"section\">\n\t\t\t\t\t\t<div class=\"elementor-container elementor-column-gap-default\">\n\t\t\t\t\t\t\t<div class=\"elementor-row\">\n\t\t\t\t\t<div class=\"elementor-element elementor-element-777d228 elementor-column elementor-col-100 elementor-top-column\" data-id=\"777d228\" data-element_type=\"column\">\n\t\t\t<div class=\"elementor-column-wrap elementor-element-populated\">\n\t\t\t\t\t\t\t<div class=\"elementor-widget-wrap\">\n\t\t\t\t\t\t<div class=\"elementor-element elementor-element-82f3473 elementor-widget elementor-widget-elementskit-contact-form7\" data-id=\"82f3473\" data-element_type=\"widget\" data-widget_type=\"elementskit-contact-form7.default\">\n\t\t\t\t<div class=\"elementor-widget-container\">\n\t\t\t<div class=\"ekit-wid-con\" ><div class=\"ekit-form\">\n<div class=\"wpcf7 no-js\" id=\"wpcf7-f5713-o1\" lang=\"en-US\" dir=\"ltr\" data-wpcf7-id=\"5713\">\n<div class=\"screen-reader-response\"><p role=\"status\" aria-live=\"polite\" aria-atomic=\"true\"><\/p> <ul><\/ul><\/div>\n<form action=\"\/index.php?rest_route=%2Fwp%2Fv2%2Fpages%2F5711#wpcf7-f5713-o1\" method=\"post\" class=\"wpcf7-form init\" aria-label=\"Contact form\" enctype=\"multipart\/form-data\" novalidate=\"novalidate\" data-status=\"init\">\n<div style=\"display: none;\">\n<input type=\"hidden\" name=\"_wpcf7\" value=\"5713\" \/>\n<input type=\"hidden\" name=\"_wpcf7_version\" value=\"6.0.3\" \/>\n<input type=\"hidden\" name=\"_wpcf7_locale\" value=\"en_US\" \/>\n<input type=\"hidden\" name=\"_wpcf7_unit_tag\" value=\"wpcf7-f5713-o1\" \/>\n<input type=\"hidden\" name=\"_wpcf7_container_post\" value=\"0\" \/>\n<input type=\"hidden\" name=\"_wpcf7_posted_data_hash\" value=\"\" \/>\n<input type=\"hidden\" name=\"_wpcf7_recaptcha_response\" value=\"\" \/>\n<\/div>\n<p><label> Seu nome*<br \/>\n<span class=\"wpcf7-form-control-wrap\" data-name=\"your-name\"><input size=\"40\" maxlength=\"400\" class=\"wpcf7-form-control wpcf7-text wpcf7-validates-as-required\" aria-required=\"true\" aria-invalid=\"false\" value=\"\" type=\"text\" name=\"your-name\" \/><\/span> <\/label>\n<\/p>\n<p><label> Seu e-mail*<br \/>\n<span class=\"wpcf7-form-control-wrap\" data-name=\"your-email\"><input size=\"40\" maxlength=\"400\" class=\"wpcf7-form-control wpcf7-email wpcf7-validates-as-required wpcf7-text wpcf7-validates-as-email\" aria-required=\"true\" aria-invalid=\"false\" value=\"\" type=\"email\" name=\"your-email\" \/><\/span> <\/label>\n<\/p>\n<p><label> Curr\u00edculo<br \/>\n<span class=\"wpcf7-form-control-wrap\" data-name=\"curriculo\"><input size=\"40\" class=\"wpcf7-form-control wpcf7-file\" accept=\".pdf,.image\" aria-invalid=\"false\" type=\"file\" name=\"curriculo\" \/><\/span> <\/label>\n<\/p>\n<p><label> Mensagem<br \/>\n<span class=\"wpcf7-form-control-wrap\" data-name=\"your-message\"><textarea cols=\"40\" rows=\"10\" maxlength=\"2000\" class=\"wpcf7-form-control wpcf7-textarea\" aria-invalid=\"false\" name=\"your-message\"><\/textarea><\/span> <\/label>\n<\/p>\n<p>Concordo com o termo abaixo:\n<\/p>\n<style>\ninput[type=checkbox], input[type=radio] {\n box-sizing: border-box;\n padding: 0;\n width: auto !important;\n vertical-align: middle !important;\n}\n.ts-form-wrap .wpcf7-form-control-wrap textarea {\n \/* padding-left: 55px; *\/\n min-height: 50px;\n color: #666;\n font-family: \"Open Sans\", sans-serif;\n width: 100%;\n -webkit-box-shadow: 0px 35px 50px 0px rgba(0, 0, 0, 0.07);\n box-shadow: 0px 35px 50px 0px rgba(0, 0, 0, 0.07);\n border: 1px solid #ededed;\n border-radius: 5px;\n font-size: 14px;\n font-weight: 600;\n -webkit-transition: 0.5s;\n -o-transition: 0.5s;\n transition: 0.5s;\n text-transform: uppercase;\n}\n<\/style>\n<p><span class=\"wpcf7-form-control-wrap\" data-name=\"acceptance-925\"><span class=\"wpcf7-form-control wpcf7-acceptance\"><span class=\"wpcf7-list-item\"><label><input type=\"checkbox\" name=\"acceptance-925\" value=\"1\" aria-invalid=\"false\" \/><span class=\"wpcf7-list-item-label\">Ao clicar em \u201cEnviar\u201d, voc\u00ea indica que aceita e est\u00e1 de acordo com a nossa <a href=\"https:\/\/rabassaseguros.com.br\/?page_id=5500\" style=\"color:#2d3058;\" style=\" color: #2d3058; \"><strong>Pol\u00edtica de Privacidade<\/strong><\/a>.<\/span><\/label><\/span><\/span><\/span><br \/>\n<input class=\"wpcf7-form-control wpcf7-submit has-spinner\" type=\"submit\" value=\"Enviar mensagem\" \/>\n<\/p><div class=\"wpcf7-response-output\" aria-hidden=\"true\"><\/div>\n<\/form>\n<\/div>\n<\/div><\/div>\t\t<\/div>\n\t\t\t\t<\/div>\n\t\t\t\t\t\t<\/div>\n\t\t\t\t\t<\/div>\n\t\t<\/div>\n\t\t\t\t\t\t\t\t<\/div>\n\t\t\t\t\t<\/div>\n\t\t<\/section>\n\t\t\t\t\t\t<\/div>\n\t\t\t\t\t\t<\/div>\n\t\t\t\t\t<\/div>\n\t\t","protected":false},"excerpt":{"rendered":"<p>FA\u00c7A PARTE DO NOSSO TIME PREENCHA O FORMUL\u00c1RIO ABAIXO Seu nome* Seu e-mail* Curr\u00edculo Mensagem Concordo com o termo abaixo: Ao clicar em \u201cEnviar\u201d, voc\u00ea indica que aceita e est\u00e1 de acordo com a nossa Pol\u00edtica de Privacidade.<\/p>\n","protected":false},"author":1,"featured_media":0,"parent":0,"menu_order":0,"comment_status":"closed","ping_status":"closed","template":"template\/full-width-template.php","meta":{"_joinchat":[],"footnotes":""},"class_list":["post-5711","page","type-page","status-publish","hentry"],"_links":{"self":[{"href":"https:\/\/rabassaseguros.com.br\/index.php?rest_route=\/wp\/v2\/pages\/5711"}],"collection":[{"href":"https:\/\/rabassaseguros.com.br\/index.php?rest_route=\/wp\/v2\/pages"}],"about":[{"href":"https:\/\/rabassaseguros.com.br\/index.php?rest_route=\/wp\/v2\/types\/page"}],"author":[{"embeddable":true,"href":"https:\/\/rabassaseguros.com.br\/index.php?rest_route=\/wp\/v2\/users\/1"}],"replies":[{"embeddable":true,"href":"https:\/\/rabassaseguros.com.br\/index.php?rest_route=%2Fwp%2Fv2%2Fcomments&post=5711"}],"version-history":[{"count":0,"href":"https:\/\/rabassaseguros.com.br\/index.php?rest_route=\/wp\/v2\/pages\/5711\/revisions"}],"wp:attachment":[{"href":"https:\/\/rabassaseguros.com.br\/index.php?rest_route=%2Fwp%2Fv2%2Fmedia&parent=5711"}],"curies":[{"name":"wp","href":"https:\/\/api.w.org\/{rel}","templated":true}]}}